{"id":657,"date":"2023-07-30T14:03:51","date_gmt":"2023-07-30T14:03:51","guid":{"rendered":"https:\/\/www.revistastellium.com\/?page_id=657"},"modified":"2026-03-17T21:22:37","modified_gmt":"2026-03-17T21:22:37","slug":"inicio","status":"publish","type":"page","link":"https:\/\/www.revistastellium.com\/","title":{"rendered":"Inicio"},"content":{"rendered":"<p>[et_pb_section fb_built=&#8221;1&#8243; _builder_version=&#8221;4.21.0&#8243; _module_preset=&#8221;default&#8221; custom_padding=&#8221;||10px|||&#8221; global_colors_info=&#8221;{}&#8221;][et_pb_row _builder_version=&#8221;4.21.0&#8243; _module_preset=&#8221;default&#8221; global_colors_info=&#8221;{}&#8221;][et_pb_column type=&#8221;4_4&#8243; _builder_version=&#8221;4.21.0&#8243; _module_preset=&#8221;default&#8221; global_colors_info=&#8221;{}&#8221;][et_pb_image src=&#8221;https:\/\/www.revistastellium.com\/wp-content\/uploads\/2023\/08\/Revista-stellium-tilde.png&#8221; title_text=&#8221;Revista stellium tilde&#8221; _builder_version=&#8221;4.21.2&#8243; _module_preset=&#8221;default&#8221; width=&#8221;69%&#8221; module_alignment=&#8221;center&#8221; global_colors_info=&#8221;{}&#8221;][\/et_pb_image][\/et_pb_column][\/et_pb_row][\/et_pb_section][et_pb_section fb_built=&#8221;1&#8243; _builder_version=&#8221;4.21.0&#8243; _module_preset=&#8221;default&#8221; custom_padding=&#8221;8px||10px|||&#8221; global_colors_info=&#8221;{}&#8221;][et_pb_row column_structure=&#8221;1_2,1_2&#8243; _builder_version=&#8221;4.21.0&#8243; _module_preset=&#8221;default&#8221; global_colors_info=&#8221;{}&#8221;][et_pb_column type=&#8221;1_2&#8243; _builder_version=&#8221;4.21.0&#8243; _module_preset=&#8221;default&#8221; global_colors_info=&#8221;{}&#8221;][et_pb_button button_url=&#8221;https:\/\/www.revistastellium.com\/?page_id=913&#8243; url_new_window=&#8221;on&#8221; button_text=&#8221;\u00a1Desc\u00e1rgate el \u00faltimo n\u00famero!&#8221; button_alignment=&#8221;center&#8221; disabled_on=&#8221;off|off|off&#8221; _builder_version=&#8221;4.27.5&#8243; _module_preset=&#8221;default&#8221; global_colors_info=&#8221;{}&#8221;][\/et_pb_button][\/et_pb_column][et_pb_column type=&#8221;1_2&#8243; _builder_version=&#8221;4.21.0&#8243; _module_preset=&#8221;default&#8221; global_colors_info=&#8221;{}&#8221;][et_pb_button button_url=&#8221;#equinoccio&#8221; button_text=&#8221;\u00a1Mira el v\u00eddeo sobre el equinoccio!&#8221; button_alignment=&#8221;center&#8221; _builder_version=&#8221;4.27.3&#8243; _module_preset=&#8221;default&#8221; global_colors_info=&#8221;{}&#8221;][\/et_pb_button][\/et_pb_column][\/et_pb_row][\/et_pb_section][et_pb_section fb_built=&#8221;1&#8243; _builder_version=&#8221;4.21.0&#8243; _module_preset=&#8221;default&#8221; custom_padding=&#8221;23px|||||&#8221; global_colors_info=&#8221;{}&#8221;][et_pb_row _builder_version=&#8221;4.21.0&#8243; _module_preset=&#8221;default&#8221; global_colors_info=&#8221;{}&#8221;][et_pb_column type=&#8221;4_4&#8243; _builder_version=&#8221;4.21.0&#8243; _module_preset=&#8221;default&#8221; global_colors_info=&#8221;{}&#8221;][et_pb_text _builder_version=&#8221;4.24.3&#8243; _module_preset=&#8221;default&#8221; text_font=&#8221;|500|||||||&#8221; text_font_size=&#8221;19px&#8221; text_letter_spacing=&#8221;1px&#8221; text_line_height=&#8221;1.8em&#8221; header_2_line_height=&#8221;1.6em&#8221; header_3_font=&#8221;|600|||||||&#8221; header_3_text_align=&#8221;center&#8221; header_3_text_color=&#8221;#601848&#8243; header_3_line_height=&#8221;1.6em&#8221; min_height=&#8221;583.8px&#8221; text_font_size_tablet=&#8221;17px&#8221; text_font_size_phone=&#8221;15px&#8221; text_font_size_last_edited=&#8221;on|phone&#8221; header_font_size_tablet=&#8221;41px&#8221; header_font_size_phone=&#8221;29px&#8221; header_font_size_last_edited=&#8221;on|tablet&#8221; header_letter_spacing_tablet=&#8221;4px&#8221; header_letter_spacing_phone=&#8221;3px&#8221; header_letter_spacing_last_edited=&#8221;on|phone&#8221; header_2_font_size_tablet=&#8221;27px&#8221; header_2_font_size_phone=&#8221;23px&#8221; header_2_font_size_last_edited=&#8221;on|phone&#8221; header_2_letter_spacing_tablet=&#8221;&#8221; header_2_letter_spacing_phone=&#8221;0px&#8221; header_2_letter_spacing_last_edited=&#8221;on|phone&#8221; header_3_font_tablet=&#8221;|600|||||||&#8221; header_3_font_phone=&#8221;|600|||||||&#8221; header_3_font_last_edited=&#8221;on|tablet&#8221; header_3_font_size_tablet=&#8221;22px&#8221; header_3_font_size_phone=&#8221;20px&#8221; header_3_font_size_last_edited=&#8221;on|phone&#8221; global_colors_info=&#8221;{}&#8221;]<\/p>\n<h1>\u00a1Bienvenidx a este espacio!<\/h1>\n<h2>\u201cCuando los planetas brillan juntos nace un\u2026 stellium.\u201d<\/h2>\n<p>Stellium surge de la resonancia de un ser que sinti\u00f3 que a la astrolog\u00eda le hac\u00edan falta m\u00e1s voces en espa\u00f1ol. Como suele suceder con las resonancias vitales, otros seres nos acercamos al proyecto. Sentimos su aliento profundo y honesto. Nos contagiamos. Las c\u00e9lulas se juntaron e hicieron cuerpo. Y ese cuerpo sigue tan vivo que sus c\u00e9lulas se renovaron y se renuevan una y otra vez.<\/p>\n<p>Stellium no fuimos siempre las mismas personas. M\u00e1s bien, Stellium <em>no somos nunca<\/em> las mismas personas. Cada n\u00famero y cada encuentro es una combinaci\u00f3n \u00fanica e irrepetible de seres, un coro fugaz de voces que cuentan una historia en los equinoccios y los solsticios, cada vez que el Sol llega a un \u00e1ngulo de la Rueda.<\/p>\n<p>Stellium no busca definir qu\u00e9 es la astrolog\u00eda. No persigue una verdad un\u00edvoca y acabada. Stellium es reunir puntos y dejar que pulsen juntos. Que suenen juntos. Que la diversidad de verdades haga vibrar nuestros cuerpos y nos actualice.<\/p>\n<p>&nbsp;<\/p>\n<p>[\/et_pb_text][et_pb_button button_url=&#8221;https:\/\/www.revistastellium.com\/?page_id=2232&#8243; url_new_window=&#8221;on&#8221; button_text=&#8221;Encuesta para lectores&#8221; button_alignment=&#8221;center&#8221; _builder_version=&#8221;4.27.5&#8243; _module_preset=&#8221;default&#8221; custom_button=&#8221;on&#8221; button_text_color=&#8221;#C04848&#8243; button_bg_color=&#8221;#FFFFFF&#8221; button_border_width=&#8221;3px&#8221; button_font=&#8221;|||on|||||&#8221; background_layout=&#8221;dark&#8221; global_colors_info=&#8221;{}&#8221;][\/et_pb_button][\/et_pb_column][\/et_pb_row][et_pb_row column_structure=&#8221;1_3,1_3,1_3&#8243; _builder_version=&#8221;4.21.0&#8243; _module_preset=&#8221;default&#8221; global_colors_info=&#8221;{}&#8221;][et_pb_column type=&#8221;1_3&#8243; _builder_version=&#8221;4.21.0&#8243; _module_preset=&#8221;default&#8221; border_width_top=&#8221;1px&#8221; border_color_top=&#8221;#F07241&#8243; border_width_bottom=&#8221;1px&#8221; border_color_bottom=&#8221;#F07241&#8243; global_colors_info=&#8221;{}&#8221;][et_pb_blurb title=&#8221;Dedicaci\u00f3n&#8221; use_icon=&#8221;on&#8221; font_icon=&#8221;&#xf3c1;||fa||900&#8243; icon_color=&#8221;#601848&#8243; image_icon_width=&#8221;34px&#8221; title_tablet=&#8221;Dedicaci\u00f3n&#8221; title_phone=&#8221;Dedicaci\u00f3n&#8221; title_last_edited=&#8221;on|desktop&#8221; _builder_version=&#8221;4.24.3&#8243; _module_preset=&#8221;default&#8221; header_level=&#8221;h2&#8243; header_font=&#8221;|600||on|||||&#8221; header_text_color=&#8221;#C04848&#8243; header_letter_spacing=&#8221;1px&#8221; body_font_size=&#8221;17px&#8221; body_letter_spacing=&#8221;1px&#8221; image_icon_custom_padding=&#8221;6px||||false|false&#8221; text_orientation=&#8221;left&#8221; custom_padding=&#8221;23px|10px|23px|10px|true|true&#8221; border_width_bottom_image=&#8221;0px&#8221; global_colors_info=&#8221;{}&#8221;]<\/p>\n<p>Apostamos por una pr\u00e1ctica astrol\u00f3gica de rigor que a\u00fane, de un lado, tiempo de estudio, dedicaci\u00f3n y conocimiento, y del otro, investigaci\u00f3n, cuestionamiento y nuevas formas de hacer astrolog\u00eda.<\/p>\n<p>[\/et_pb_blurb][\/et_pb_column][et_pb_column type=&#8221;1_3&#8243; _builder_version=&#8221;4.21.0&#8243; _module_preset=&#8221;default&#8221; border_width_top=&#8221;1px&#8221; border_color_top=&#8221;#F07241&#8243; border_width_bottom=&#8221;1px&#8221; border_color_bottom=&#8221;#F07241&#8243; global_colors_info=&#8221;{}&#8221;][et_pb_blurb title=&#8221;Diversidad&#8221; use_icon=&#8221;on&#8221; font_icon=&#8221;&#xf0c0;||fa||900&#8243; icon_color=&#8221;#601848&#8243; image_icon_width=&#8221;34px&#8221; _builder_version=&#8221;4.21.0&#8243; _module_preset=&#8221;default&#8221; header_level=&#8221;h2&#8243; header_font=&#8221;|600||on|||||&#8221; header_text_color=&#8221;#C04848&#8243; header_letter_spacing=&#8221;1px&#8221; body_font_size=&#8221;17px&#8221; body_letter_spacing=&#8221;1px&#8221; image_icon_custom_padding=&#8221;6px||||false|false&#8221; text_orientation=&#8221;left&#8221; custom_padding=&#8221;23px|10px|23px|10px|true|true&#8221; border_width_bottom_image=&#8221;0px&#8221; global_colors_info=&#8221;{}&#8221;]<\/p>\n<p>Creamos puentes entre distintos m\u00e9todos, practicantes de astrolog\u00eda y zonas geogr\u00e1ficas, apoyamos la pluralidad de opiniones o visiones y abogamos por fomentar el di\u00e1logo entre distintas pr\u00e1cticas y tradiciones.<\/p>\n<p>[\/et_pb_blurb][\/et_pb_column][et_pb_column type=&#8221;1_3&#8243; _builder_version=&#8221;4.21.0&#8243; _module_preset=&#8221;default&#8221; border_width_top=&#8221;1px&#8221; border_color_top=&#8221;#F07241&#8243; border_width_bottom=&#8221;1px&#8221; border_color_bottom=&#8221;#F07241&#8243; global_colors_info=&#8221;{}&#8221;][et_pb_blurb title=&#8221;Valores&#8221; use_icon=&#8221;on&#8221; font_icon=&#8221;&#xe052;||divi||400&#8243; icon_color=&#8221;#601848&#8243; image_icon_width=&#8221;34px&#8221; _builder_version=&#8221;4.24.3&#8243; _module_preset=&#8221;default&#8221; header_level=&#8221;h2&#8243; header_font=&#8221;|600||on|||||&#8221; header_text_color=&#8221;#C04848&#8243; header_letter_spacing=&#8221;1px&#8221; body_font_size=&#8221;17px&#8221; body_letter_spacing=&#8221;1px&#8221; image_icon_custom_padding=&#8221;6px||||false|false&#8221; text_orientation=&#8221;left&#8221; custom_padding=&#8221;23px|10px|23px|10px|true|true&#8221; border_width_bottom_image=&#8221;0px&#8221; global_colors_info=&#8221;{}&#8221;]<\/p>\n<p style=\"text-align: left;\">Tambi\u00e9n enraizamos el proyecto en ideales fundamentales como la colaboraci\u00f3n, el trabajo en equipo y la honestidad, lo que tratamos de concretar en cada uno de los n\u00fameros de la revista que ven la luz.<\/p>\n<p>[\/et_pb_blurb][\/et_pb_column][\/et_pb_row][et_pb_row _builder_version=&#8221;4.24.3&#8243; _module_preset=&#8221;default&#8221; global_colors_info=&#8221;{}&#8221;][et_pb_column type=&#8221;4_4&#8243; _builder_version=&#8221;4.24.3&#8243; _module_preset=&#8221;default&#8221; global_colors_info=&#8221;{}&#8221;][et_pb_button button_url=&#8221;https:\/\/www.revistastellium.com\/?page_id=1818&#8243; button_text=&#8221;\u00bfQuieres escribir para Revista Stellium?&#8221; button_alignment=&#8221;center&#8221; _builder_version=&#8221;4.24.3&#8243; _module_preset=&#8221;default&#8221; global_colors_info=&#8221;{}&#8221;][\/et_pb_button][\/et_pb_column][\/et_pb_row][\/et_pb_section][et_pb_section fb_built=&#8221;1&#8243; _builder_version=&#8221;4.21.0&#8243; _module_preset=&#8221;default&#8221; global_colors_info=&#8221;{}&#8221;][et_pb_row _builder_version=&#8221;4.21.0&#8243; _module_preset=&#8221;default&#8221; global_colors_info=&#8221;{}&#8221;][et_pb_column type=&#8221;4_4&#8243; _builder_version=&#8221;4.21.0&#8243; _module_preset=&#8221;default&#8221; global_colors_info=&#8221;{}&#8221;][et_pb_text _builder_version=&#8221;4.21.0&#8243; _module_preset=&#8221;default&#8221; global_colors_info=&#8221;{}&#8221;]<\/p>\n<h1>Revista Stellium<\/h1>\n<p>[\/et_pb_text][\/et_pb_column][\/et_pb_row][et_pb_row _builder_version=&#8221;4.21.0&#8243; _module_preset=&#8221;default&#8221; global_colors_info=&#8221;{}&#8221;][et_pb_column type=&#8221;4_4&#8243; _builder_version=&#8221;4.21.0&#8243; _module_preset=&#8221;default&#8221; global_colors_info=&#8221;{}&#8221;][et_pb_post_slider posts_number=&#8221;7&#8243; include_categories=&#8221;13&#8243; show_meta=&#8221;off&#8221; bg_overlay_color=&#8221;rgba(96,24,72,0.47)&#8221; use_text_overlay=&#8221;off&#8221; _builder_version=&#8221;4.22.2&#8243; _module_preset=&#8221;default&#8221; header_font=&#8221;|600|||||||&#8221; header_font_size=&#8221;47px&#8221; header_letter_spacing=&#8221;1px&#8221; body_letter_spacing=&#8221;1px&#8221; header_font_tablet=&#8221;|600|||||||&#8221; header_font_phone=&#8221;|600|||||||&#8221; header_font_last_edited=&#8221;on|phone&#8221; header_font_size_tablet=&#8221;34px&#8221; header_font_size_phone=&#8221;25px&#8221; header_font_size_last_edited=&#8221;on|desktop&#8221; body_font_tablet=&#8221;&#8221; body_font_phone=&#8221;||||||||&#8221; body_font_last_edited=&#8221;on|phone&#8221; body_font_size_tablet=&#8221;&#8221; body_font_size_phone=&#8221;16px&#8221; body_font_size_last_edited=&#8221;on|tablet&#8221; body_letter_spacing_tablet=&#8221;1px&#8221; body_letter_spacing_phone=&#8221;0px&#8221; body_letter_spacing_last_edited=&#8221;on|phone&#8221; global_colors_info=&#8221;{}&#8221;][\/et_pb_post_slider][et_pb_button button_url=&#8221;#equinoccio&#8221; button_text=&#8221;\u00a1Mira el v\u00eddeo sobre el equinoccio!&#8221; button_alignment=&#8221;center&#8221; _builder_version=&#8221;4.22.2&#8243; _module_preset=&#8221;default&#8221; global_colors_info=&#8221;{}&#8221;][\/et_pb_button][\/et_pb_column][\/et_pb_row][\/et_pb_section][et_pb_section fb_built=&#8221;1&#8243; _builder_version=&#8221;4.27.4&#8243; _module_preset=&#8221;default&#8221; background_enable_color=&#8221;off&#8221; global_colors_info=&#8221;{}&#8221;][et_pb_row _builder_version=&#8221;4.27.4&#8243; _module_preset=&#8221;default&#8221; global_colors_info=&#8221;{}&#8221;][et_pb_column type=&#8221;4_4&#8243; _builder_version=&#8221;4.27.4&#8243; _module_preset=&#8221;default&#8221; global_colors_info=&#8221;{}&#8221;][et_pb_code _builder_version=&#8221;4.27.4&#8243; _module_preset=&#8221;default&#8221; background_enable_color=&#8221;off&#8221; global_colors_info=&#8221;{}&#8221;]<iframe data-skip-lazy=\"\" src=\"https:\/\/revistastellium.ipzmarketing.com\/f\/RMh3ndyqrOw\" frameborder=\"0\" scrolling=\"no\" width=\"100%\" class=\"ipz-iframe\"><\/iframe><!-- [et_pb_line_break_holder] --><script data-cfasync=\"false\" type=\"text\/javascript\" src=\"https:\/\/assets.ipzmarketing.com\/assets\/signup_form\/iframe_v1.js\"><\/script>[\/et_pb_code][et_pb_text _builder_version=&#8221;4.27.4&#8243; _module_preset=&#8221;default&#8221; link_option_url_new_window=&#8221;on&#8221; global_colors_info=&#8221;{}&#8221;]<\/p>\n<p style=\"text-align: center;\"><a href=\"https:\/\/www.revistastellium.com\/?page_id=27\">Pol\u00edtica de privacidad<\/a><\/p>\n<p>[\/et_pb_text][\/et_pb_column][\/et_pb_row][\/et_pb_section][et_pb_section fb_built=&#8221;1&#8243; disabled_on=&#8221;on|on|on&#8221; _builder_version=&#8221;4.27.4&#8243; _module_preset=&#8221;default&#8221; background_enable_color=&#8221;off&#8221; background_enable_image=&#8221;off&#8221; parallax=&#8221;on&#8221; background_blend=&#8221;screen&#8221; disabled=&#8221;on&#8221; global_colors_info=&#8221;{}&#8221;][et_pb_row _builder_version=&#8221;4.21.0&#8243; _module_preset=&#8221;default&#8221; global_colors_info=&#8221;{}&#8221;][et_pb_column type=&#8221;4_4&#8243; _builder_version=&#8221;4.21.0&#8243; _module_preset=&#8221;default&#8221; global_colors_info=&#8221;{}&#8221;][et_pb_text _builder_version=&#8221;4.21.2&#8243; _module_preset=&#8221;default&#8221; header_font_size=&#8221;35px&#8221; header_letter_spacing=&#8221;3px&#8221; text_font_tablet=&#8221;&#8221; text_font_phone=&#8221;&#8221; text_font_last_edited=&#8221;on|phone&#8221; text_font_size_tablet=&#8221;16px&#8221; text_font_size_phone=&#8221;15px&#8221; text_font_size_last_edited=&#8221;on|tablet&#8221; header_font_size_tablet=&#8221;35px&#8221; header_font_size_phone=&#8221;26px&#8221; header_font_size_last_edited=&#8221;on|tablet&#8221; header_letter_spacing_tablet=&#8221;3px&#8221; header_letter_spacing_phone=&#8221;3px&#8221; header_letter_spacing_last_edited=&#8221;on|desktop&#8221; global_colors_info=&#8221;{}&#8221;]<\/p>\n<h1>Suscr\u00edbete<\/h1>\n<p>A trav\u00e9s de nuestra newsletter te enviamos contenido exclusivo y recursos \u00fatiles para navegar la astrolog\u00eda del a\u00f1o. Suscr\u00edbete a Stellium y participa de la astrolog\u00eda en red:<\/p>\n<p>[\/et_pb_text][et_pb_code _builder_version=&#8221;4.21.0&#8243; _module_preset=&#8221;default&#8221; global_colors_info=&#8221;{}&#8221;]\n<div class=\"um um-register um-227\">\n\t<div class=\"um-form\" data-mode=\"register\">\n\t\t<form method=\"post\" action=\"\">\n\t\t\t<div class=\"um-row _um_row_1 \" style=\"margin: 0 0 30px 0;\"><div class=\"um-col-131\"><div  id=\"um_field_227_first_name\" class=\"um-field um-field-text  um-field-first_name um-field-text um-field-type_text\" data-key=\"first_name\"><div class=\"um-field-label\"><label for=\"first_name-227\">Nombre<\/label><div class=\"um-clear\"><\/div><\/div><div class=\"um-field-area\"><input  autocomplete=\"off\" class=\"um-form-field valid \" type=\"text\" name=\"first_name-227\" id=\"first_name-227\" value=\"\" placeholder=\"\" data-validate=\"\" data-key=\"first_name\"  aria-invalid=\"false\" \/>\n\n\t\t\t\t\t\t<\/div><\/div><div  id=\"um_field_227_last_name\" class=\"um-field um-field-text  um-field-last_name um-field-text um-field-type_text\" data-key=\"last_name\"><div class=\"um-field-label\"><label for=\"last_name-227\">Apellidos<\/label><div class=\"um-clear\"><\/div><\/div><div class=\"um-field-area\"><input  autocomplete=\"off\" class=\"um-form-field valid \" type=\"text\" name=\"last_name-227\" id=\"last_name-227\" value=\"\" placeholder=\"\" data-validate=\"\" data-key=\"last_name\"  aria-invalid=\"false\" \/>\n\n\t\t\t\t\t\t<\/div><\/div><div  id=\"um_field_227_user_email\" class=\"um-field um-field-text  um-field-user_email um-field-text um-field-type_text\" data-key=\"user_email\"><div class=\"um-field-label\"><label for=\"user_email-227\">Direcci\u00f3n de correo electr\u00f3nico<\/label><div class=\"um-clear\"><\/div><\/div><div class=\"um-field-area\"><input  autocomplete=\"off\" class=\"um-form-field valid \" type=\"text\" name=\"user_email-227\" id=\"user_email-227\" value=\"\" placeholder=\"\" data-validate=\"unique_email\" data-key=\"user_email\"  aria-invalid=\"false\" \/>\n\n\t\t\t\t\t\t<\/div><\/div><div  id=\"um_field_227_user_password\" class=\"um-field um-field-password  um-field-user_password um-field-password um-field-type_password\" data-key=\"user_password\"><div class=\"um-field-label\"><label for=\"user_password-227\">Contrase\u00f1a<\/label><div class=\"um-clear\"><\/div><\/div><div class=\"um-field-area\"><input class=\"um-form-field valid \" type=\"password\" name=\"user_password-227\" id=\"user_password-227\" value=\"\" placeholder=\"\" data-validate=\"\" data-key=\"user_password\"  aria-invalid=\"false\" \/>\n\n\t\t\t\t\t\t\t<\/div><\/div><div  id=\"um_field_227_confirm_user_password\" class=\"um-field um-field-password  um-field-user_password um-field-password um-field-type_password\" data-key=\"confirm_user_password\"><div class=\"um-field-label\"><label for=\"confirm_user_password-227\">Confirmar Contrase\u00f1a<\/label><div class=\"um-clear\"><\/div><\/div><div class=\"um-field-area\"><input class=\"um-form-field valid \" type=\"password\" name=\"confirm_user_password-227\" id=\"confirm_user_password-227\" value=\"\" placeholder=\"Confirmar Contrase\u00f1a\" data-validate=\"\" data-key=\"confirm_user_password\"  aria-invalid=\"false\" \/><\/div><\/div><\/div><div class=\"um-col-132\"><\/div><div class=\"um-col-133\"><\/div><div class=\"um-clear\"><\/div><\/div>\n<!-- This file should primarily consist of HTML with a little bit of PHP. -->\n<div class=\"um-field um-field-type_terms_conditions\" data-key=\"use_terms_conditions_agreement\" style=\"display:block;padding:0;\">\n\t<div class=\"um-field-area\">\n\t\t<div class=\"um-gdpr-content\" style=\"display:none;\">\n\t\t\t\t\t<\/div>\n\t\t<a href=\"javascript:void(0);\" class=\"um-toggle-gdpr\" data-toggle-state=\"hidden\"\n\t\t\tdata-toggle-show=\"Mostrar la pol\u00edtica de privacidad\"\n\t\t\tdata-toggle-hide=\"Ocultar la pol\u00edtica de privacidad\">\n\t\t\tMostrar la pol\u00edtica de privacidad\t\t<\/a>\n\t<\/div>\n\t<div class=\"um-field-area\">\n\t\t<label class=\"um-field-checkbox\">\n\t\t\t<input type=\"checkbox\" name=\"use_gdpr_agreement\" value=\"1\">\n\t\t\t<span class=\"um-field-checkbox-state\"><i class=\"um-icon-android-checkbox-outline-blank\"><\/i><\/span>\n\t\t\t<span class=\"um-field-checkbox-option\">Por favor, confirma que est\u00e1s de acuerdo con nuestra pol\u00edtica de privacidad<\/span>\n\t\t<\/label>\n\t\t<div class=\"um-clear\"><\/div>\n\t\t\t\t<div class=\"um-clear\"><\/div>\n\t<\/div>\n<\/div>\n\t<input type=\"hidden\" name=\"form_id\" id=\"form_id_227\" value=\"227\" \/>\n\t\t<p class=\"um_request_name\">\n\t\t<label for=\"um_request_227\">Only fill in if you are not human<\/label>\n\t\t<input type=\"hidden\" name=\"um_request\" id=\"um_request_227\" class=\"input\" value=\"\" size=\"25\" autocomplete=\"off\" \/>\n\t<\/p>\n\t<input type=\"hidden\" id=\"_wpnonce\" name=\"_wpnonce\" value=\"2d2dafc5c5\" \/><input type=\"hidden\" name=\"_wp_http_referer\" value=\"\/index.php?rest_route=%2Fwp%2Fv2%2Fpages%2F657\" \/>\n\t<div class=\"um-col-alt\">\n\n\t\t\n\t\t\t<div class=\"um-left um-half\">\n\t\t\t\t<input type=\"submit\" value=\"Crear cuenta\" class=\"um-button\" id=\"um-submit-btn\" \/>\n\t\t\t<\/div>\n\t\t\t<div class=\"um-right um-half\">\n\t\t\t\t<a href=\"https:\/\/www.revistastellium.com\/?page_id=232\" class=\"um-button um-alt\">\n\t\t\t\t\tIniciar sesi\u00f3n\t\t\t\t<\/a>\n\t\t\t<\/div>\n\n\t\t\n\t\t<div class=\"um-clear\"><\/div>\n\n\t<\/div>\n\n\t\t\t<\/form>\n\t<\/div>\n<\/div>\n<style>\n\t\t\t.um-227.um {\n\t\t\tmax-width: 450px;\n\t\t}\n\t\t<\/style>\n[\/et_pb_code][\/et_pb_column][\/et_pb_row][\/et_pb_section][et_pb_section fb_built=&#8221;1&#8243; module_id=&#8221;equinoccio&#8221; _builder_version=&#8221;4.24.3&#8243; _module_preset=&#8221;default&#8221; background_enable_color=&#8221;off&#8221; background_enable_image=&#8221;off&#8221; parallax=&#8221;on&#8221; background_blend=&#8221;screen&#8221; global_colors_info=&#8221;{}&#8221;][et_pb_row _builder_version=&#8221;4.27.5&#8243; _module_preset=&#8221;default&#8221; min_height=&#8221;205.7px&#8221; global_colors_info=&#8221;{}&#8221;][et_pb_column type=&#8221;4_4&#8243; _builder_version=&#8221;4.27.5&#8243; _module_preset=&#8221;default&#8221; global_colors_info=&#8221;{}&#8221;][et_pb_text _builder_version=&#8221;4.27.5&#8243; _module_preset=&#8221;default&#8221; text_orientation=&#8221;center&#8221; custom_padding=&#8221;22px||||false|false&#8221; border_color_top=&#8221;#EFC9BA&#8221; border_color_bottom=&#8221;#EFC9BA&#8221; global_colors_info=&#8221;{}&#8221;]Tu apoyo es vital para que sigamos compartiendo recursos. Puedes unirte a la resonancia postul\u00e1ndote como escritorx o realizar una donaci\u00f3n aqu\u00ed[\/et_pb_text][et_pb_button button_url=&#8221;https:\/\/www.paypal.com\/donate\/?hosted_button_id=93JUJYZ7S6K7S&#8221; url_new_window=&#8221;on&#8221; button_text=&#8221;Donar con PayPal&#8221; button_alignment=&#8221;center&#8221; _builder_version=&#8221;4.27.4&#8243; _module_preset=&#8221;default&#8221; global_colors_info=&#8221;{}&#8221;][\/et_pb_button][\/et_pb_column][\/et_pb_row][et_pb_row _builder_version=&#8221;4.27.5&#8243; _module_preset=&#8221;default&#8221; border_width_top=&#8221;1px&#8221; border_color_top=&#8221;#EFC9BA&#8221; global_colors_info=&#8221;{}&#8221;][et_pb_column type=&#8221;4_4&#8243; _builder_version=&#8221;4.21.0&#8243; _module_preset=&#8221;default&#8221; global_colors_info=&#8221;{}&#8221;][et_pb_text _builder_version=&#8221;4.22.2&#8243; _module_preset=&#8221;default&#8221; header_font_size=&#8221;35px&#8221; header_letter_spacing=&#8221;3px&#8221; text_font_tablet=&#8221;&#8221; text_font_phone=&#8221;&#8221; text_font_last_edited=&#8221;on|phone&#8221; text_font_size_tablet=&#8221;16px&#8221; text_font_size_phone=&#8221;15px&#8221; text_font_size_last_edited=&#8221;on|tablet&#8221; header_font_size_tablet=&#8221;35px&#8221; header_font_size_phone=&#8221;26px&#8221; header_font_size_last_edited=&#8221;on|tablet&#8221; header_letter_spacing_tablet=&#8221;3px&#8221; header_letter_spacing_phone=&#8221;3px&#8221; header_letter_spacing_last_edited=&#8221;on|desktop&#8221; global_colors_info=&#8221;{}&#8221;]<\/p>\n<h1>Videos<\/h1>\n<p>&nbsp;<\/p>\n<p>[\/et_pb_text][et_pb_video src=&#8221;https:\/\/www.youtube.com\/watch?v=vQa9Kc1L-s8&#038;t=197s&#8221; _builder_version=&#8221;4.27.5&#8243; _module_preset=&#8221;default&#8221; global_colors_info=&#8221;{}&#8221;][\/et_pb_video][et_pb_button button_url=&#8221;https:\/\/www.revistastellium.com\/?page_id=1076&#8243; button_text=&#8221;Encuentra m\u00e1s videos&#8221; button_alignment=&#8221;center&#8221; _builder_version=&#8221;4.22.2&#8243; _module_preset=&#8221;default&#8221; global_colors_info=&#8221;{}&#8221;][\/et_pb_button][\/et_pb_column][\/et_pb_row][\/et_pb_section]<\/p>\n","protected":false},"excerpt":{"rendered":"<p>\u00a1Bienvenidx a este espacio! \u201cCuando los planetas brillan juntos nace un\u2026 stellium.\u201d Stellium surge de la resonancia de un ser que sinti\u00f3 que a la astrolog\u00eda le hac\u00edan falta m\u00e1s voces en espa\u00f1ol. Como suele suceder con las resonancias vitales, otros seres nos acercamos al proyecto. Sentimos su aliento profundo y honesto. Nos contagiamos. Las [&hellip;]<\/p>\n","protected":false},"author":1,"featured_media":0,"parent":0,"menu_order":0,"comment_status":"closed","ping_status":"closed","template":"","meta":{"_et_pb_use_builder":"on","_et_pb_old_content":"","_et_gb_content_width":"","footnotes":""},"class_list":["post-657","page","type-page","status-publish","hentry"],"_links":{"self":[{"href":"https:\/\/www.revistastellium.com\/index.php?rest_route=\/wp\/v2\/pages\/657","targetHints":{"allow":["GET"]}}],"collection":[{"href":"https:\/\/www.revistastellium.com\/index.php?rest_route=\/wp\/v2\/pages"}],"about":[{"href":"https:\/\/www.revistastellium.com\/index.php?rest_route=\/wp\/v2\/types\/page"}],"author":[{"embeddable":true,"href":"https:\/\/www.revistastellium.com\/index.php?rest_route=\/wp\/v2\/users\/1"}],"replies":[{"embeddable":true,"href":"https:\/\/www.revistastellium.com\/index.php?rest_route=%2Fwp%2Fv2%2Fcomments&post=657"}],"version-history":[{"count":75,"href":"https:\/\/www.revistastellium.com\/index.php?rest_route=\/wp\/v2\/pages\/657\/revisions"}],"predecessor-version":[{"id":2253,"href":"https:\/\/www.revistastellium.com\/index.php?rest_route=\/wp\/v2\/pages\/657\/revisions\/2253"}],"wp:attachment":[{"href":"https:\/\/www.revistastellium.com\/index.php?rest_route=%2Fwp%2Fv2%2Fmedia&parent=657"}],"curies":[{"name":"wp","href":"https:\/\/api.w.org\/{rel}","templated":true}]}}