{"id":2232,"date":"2026-03-05T21:24:11","date_gmt":"2026-03-05T21:24:11","guid":{"rendered":"https:\/\/www.revistastellium.com\/?page_id=2232"},"modified":"2026-03-05T21:24:11","modified_gmt":"2026-03-05T21:24:11","slug":"encuesta-para-lectores","status":"publish","type":"page","link":"https:\/\/www.revistastellium.com\/?page_id=2232","title":{"rendered":"Encuesta para lectores"},"content":{"rendered":"<p>[et_pb_section fb_built=&#8221;1&#8243; theme_builder_area=&#8221;post_content&#8221; _builder_version=&#8221;4.27.5&#8243; _module_preset=&#8221;default&#8221;][et_pb_row _builder_version=&#8221;4.27.5&#8243; _module_preset=&#8221;default&#8221; theme_builder_area=&#8221;post_content&#8221;][et_pb_column _builder_version=&#8221;4.27.5&#8243; _module_preset=&#8221;default&#8221; type=&#8221;4_4&#8243; theme_builder_area=&#8221;post_content&#8221;][et_pb_heading title=&#8221;Encuesta para Lectores&#8221; _builder_version=&#8221;4.27.5&#8243; _module_preset=&#8221;default&#8221; theme_builder_area=&#8221;post_content&#8221; title_font=&#8221;|600||on|||||&#8221; title_font_size=&#8221;3em&#8221; hover_enabled=&#8221;0&#8243; sticky_enabled=&#8221;0&#8243; title_text_align=&#8221;center&#8221;][\/et_pb_heading][et_pb_text _builder_version=&#8221;4.27.5&#8243; _module_preset=&#8221;default&#8221; theme_builder_area=&#8221;post_content&#8221; hover_enabled=&#8221;0&#8243; sticky_enabled=&#8221;0&#8243;]<\/p>\n<p><span>En Revista Stellium, nuestro equipo editorial trabaja arduamente para garantizarte la mejor experiencia y contenido de lectura posible, <\/span><span class=\"b-editor-marker\" data-alert-id=\"a-4d8f49e2-06c4-43b9-8528-dded1a691221\">as\u00ed<\/span><span> que te invitamos a compartir tus comentarios y sugerencias con nosotros. <\/span><\/p>\n<p><span> Esta informaci\u00f3n nos ayudar\u00e1 a personalizar y mejorar el contenido futuro, asegurando que nuestra revista siga siendo una gu\u00eda relevante en tu viaje astrol\u00f3gico y personal.<\/span><\/p>\n<p><span>Mil gracias,<br \/>Revista Stellium<\/span><\/p>\n<p>[\/et_pb_text][et_pb_button button_text=&#8221;Completa el formulario&#8221; _builder_version=&#8221;4.27.5&#8243; _module_preset=&#8221;default&#8221; theme_builder_area=&#8221;post_content&#8221; button_url=&#8221;https:\/\/docs.google.com\/forms\/d\/e\/1FAIpQLSe8wXwgxA1UjHvxHgh7D27NG0iYwncXztARlROCDWULqxBfdA\/viewform?usp=header&#8221; url_new_window=&#8221;on&#8221; hover_enabled=&#8221;0&#8243; sticky_enabled=&#8221;0&#8243; button_alignment=&#8221;center&#8221;][\/et_pb_button][\/et_pb_column][\/et_pb_row][\/et_pb_section]<\/p>\n","protected":false},"excerpt":{"rendered":"<p>En Revista Stellium, nuestro equipo editorial trabaja arduamente para garantizarte la mejor experiencia y contenido de lectura posible, as\u00ed que te invitamos a compartir tus comentarios y sugerencias con nosotros. Esta informaci\u00f3n nos ayudar\u00e1 a personalizar y mejorar el contenido futuro, asegurando que nuestra revista siga siendo una gu\u00eda relevante en tu viaje astrol\u00f3gico y [&hellip;]<\/p>\n","protected":false},"author":1,"featured_media":0,"parent":0,"menu_order":0,"comment_status":"closed","ping_status":"closed","template":"","meta":{"_et_pb_use_builder":"on","_et_pb_old_content":"","_et_gb_content_width":"","footnotes":""},"class_list":["post-2232","page","type-page","status-publish","hentry"],"_links":{"self":[{"href":"https:\/\/www.revistastellium.com\/index.php?rest_route=\/wp\/v2\/pages\/2232","targetHints":{"allow":["GET"]}}],"collection":[{"href":"https:\/\/www.revistastellium.com\/index.php?rest_route=\/wp\/v2\/pages"}],"about":[{"href":"https:\/\/www.revistastellium.com\/index.php?rest_route=\/wp\/v2\/types\/page"}],"author":[{"embeddable":true,"href":"https:\/\/www.revistastellium.com\/index.php?rest_route=\/wp\/v2\/users\/1"}],"replies":[{"embeddable":true,"href":"https:\/\/www.revistastellium.com\/index.php?rest_route=%2Fwp%2Fv2%2Fcomments&post=2232"}],"version-history":[{"count":2,"href":"https:\/\/www.revistastellium.com\/index.php?rest_route=\/wp\/v2\/pages\/2232\/revisions"}],"predecessor-version":[{"id":2235,"href":"https:\/\/www.revistastellium.com\/index.php?rest_route=\/wp\/v2\/pages\/2232\/revisions\/2235"}],"wp:attachment":[{"href":"https:\/\/www.revistastellium.com\/index.php?rest_route=%2Fwp%2Fv2%2Fmedia&parent=2232"}],"curies":[{"name":"wp","href":"https:\/\/api.w.org\/{rel}","templated":true}]}}