{"id":2101,"date":"2025-06-22T20:38:17","date_gmt":"2025-06-22T20:38:17","guid":{"rendered":"https:\/\/www.revistastellium.com\/?page_id=2101"},"modified":"2025-07-12T20:11:05","modified_gmt":"2025-07-12T20:11:05","slug":"politica-de-privacidad-2","status":"publish","type":"page","link":"https:\/\/www.revistastellium.com\/?page_id=2101","title":{"rendered":"Politica de Privacidad"},"content":{"rendered":"<p>[et_pb_section fb_built=&#8221;1&#8243; _builder_version=&#8221;4.27.4&#8243; _module_preset=&#8221;default&#8221; global_colors_info=&#8221;{}&#8221;][et_pb_row _builder_version=&#8221;4.27.4&#8243; _module_preset=&#8221;default&#8221; global_colors_info=&#8221;{}&#8221;][et_pb_column type=&#8221;4_4&#8243; _builder_version=&#8221;4.27.4&#8243; _module_preset=&#8221;default&#8221; global_colors_info=&#8221;{}&#8221;][et_pb_text _builder_version=&#8221;4.27.4&#8243; _module_preset=&#8221;default&#8221; global_colors_info=&#8221;{}&#8221;]<\/p>\n<h2>Qui\u00e9nes somos<\/h2>\n<p>Somos https:\/\/www.revistastellium.com\/<\/p>\n<p>La cantidad de informaci\u00f3n que se te puede pedir reflejar variar\u00e1 dependiendo de las regulaciones locales o nacionales de tu negocio. Por ejemplo, se te puede pedir que indiques una direcci\u00f3n f\u00edsica, una direcci\u00f3n registrada o el n\u00famero de registro de tu empresa.<\/p>\n<h2>Qu\u00e9 datos personales recogemos y por qu\u00e9 los recogemos<\/h2>\n<p>En esta secci\u00f3n deber\u00edas anotar qu\u00e9 datos personales recopilas de los usuarios y de los visitantes del sitio. Esto podr\u00eda incluir datos personales tales como el nombre, direcci\u00f3n de correo electr\u00f3nico, preferencias personales de la cuenta; datos transaccionales, como informaci\u00f3n de compras; y datos t\u00e9cnicos, como la informaci\u00f3n sobre las cookies.<\/p>\n<p>Tambi\u00e9n deber\u00edas tener en cuenta cualquier recopilaci\u00f3n y retenci\u00f3n de datos personales sensibles, como los relativos a la salud.<\/p>\n<p>Adem\u00e1s de enumerar los datos personales que recopilas, debes indicar por qu\u00e9 los recopilas. En estas explicaciones debe indicarse el fundamento jur\u00eddico de la recogida y conservaci\u00f3n de los datos o el consentimiento activo del usuario.<\/p>\n<p>Los datos personales no son solo creados por las interacciones de un usuario con tu sitio. Los datos personales tambi\u00e9n se generan a partir de procesos t\u00e9cnicos como formularios de contacto, comentarios, cookies, anal\u00edtica e incrustaciones de terceros.<\/p>\n<p>Por defecto, WordPress no recopila ning\u00fan dato personal sobre los visitantes y solo recopila los datos mostrados en la pantalla del perfil de usuario para los usuarios registrados. Sin embargo, algunos de tus plugins tambi\u00e9n pueden recopilar datos personales. A\u00f1ade la informaci\u00f3n relevante a continuaci\u00f3n.<\/p>\n<h2>Comentarios<\/h2>\n<p>En esta subsecci\u00f3n deber\u00edas anotar qu\u00e9 informaci\u00f3n se captura en los comentarios. Hemos anotado los datos que WordPress recopila por defecto.<\/p>\n<h2>Medios<\/h2>\n<p>En esta subsecci\u00f3n deber\u00edas anotar qu\u00e9 informaci\u00f3n puede mostrarse de los usuarios que suban archivos de medios. Todos los archivos subidos son normalmente accesibles p\u00fablicamente.<\/p>\n<h2>Formularios de contacto<\/h2>\n<p>Por defecto, WordPress no incluye un formulario de contacto. Si utilizas un plugin de formulario de contacto, utiliza esta subsecci\u00f3n para indicar qu\u00e9 datos personales se capturan cuando alguien env\u00eda un formulario de contacto y cu\u00e1nto tiempo los conservas. Por ejemplo, puedes indicar que mantienes los env\u00edos de formularios de contacto durante un cierto per\u00edodo con fines de servicio al cliente, pero no utilizas la informaci\u00f3n enviada a trav\u00e9s de ellos con fines de marketing.<\/p>\n<h2>Cookies<\/h2>\n<p>En esta subsecci\u00f3n debes enumerar las cookies que utiliza tu web, incluidas las instaladas por tus plugins, redes sociales y anal\u00edtica. Hemos proporcionado las cookies que WordPress instala por defecto.<\/p>\n<h2>Anal\u00edtica<\/h2>\n<p>En esta subsecci\u00f3n deber\u00edas anotar qu\u00e9 paquete de anal\u00edtica usas, c\u00f3mo los usuarios pueden decidir sobre el seguimiento de la anal\u00edtica y un enlace a la pol\u00edtica de privacidad de tu proveedor de anal\u00edtica, si lo tuviera.<\/p>\n<p>Por defecto, WordPress no recoge ning\u00fan dato anal\u00edtico. Sin embargo, muchas cuentas de alojamiento web recogen algunos datos anal\u00edticos an\u00f3nimos. Tambi\u00e9n es posible que hayas instalado un plugin de WordPress que proporciona servicios de anal\u00edtica. En ese caso, a\u00f1ade la informaci\u00f3n de ese plugin aqu\u00ed.<\/p>\n<h2>Con qui\u00e9n compartimos tus datos<\/h2>\n<ul>\n<li>&#8211; Mailrelay<\/li>\n<\/ul>\n<p>[\/et_pb_text][\/et_pb_column][\/et_pb_row][\/et_pb_section]<\/p>\n","protected":false},"excerpt":{"rendered":"<p>Qui\u00e9nes somos Somos https:\/\/www.revistastellium.com\/ La cantidad de informaci\u00f3n que se te puede pedir reflejar variar\u00e1 dependiendo de las regulaciones locales o nacionales de tu negocio. Por ejemplo, se te puede pedir que indiques una direcci\u00f3n f\u00edsica, una direcci\u00f3n registrada o el n\u00famero de registro de tu empresa. Qu\u00e9 datos personales recogemos y por qu\u00e9 los [&hellip;]<\/p>\n","protected":false},"author":1,"featured_media":0,"parent":0,"menu_order":0,"comment_status":"closed","ping_status":"closed","template":"","meta":{"_et_pb_use_builder":"on","_et_pb_old_content":"","_et_gb_content_width":"","footnotes":""},"class_list":["post-2101","page","type-page","status-publish","hentry"],"_links":{"self":[{"href":"https:\/\/www.revistastellium.com\/index.php?rest_route=\/wp\/v2\/pages\/2101","targetHints":{"allow":["GET"]}}],"collection":[{"href":"https:\/\/www.revistastellium.com\/index.php?rest_route=\/wp\/v2\/pages"}],"about":[{"href":"https:\/\/www.revistastellium.com\/index.php?rest_route=\/wp\/v2\/types\/page"}],"author":[{"embeddable":true,"href":"https:\/\/www.revistastellium.com\/index.php?rest_route=\/wp\/v2\/users\/1"}],"replies":[{"embeddable":true,"href":"https:\/\/www.revistastellium.com\/index.php?rest_route=%2Fwp%2Fv2%2Fcomments&post=2101"}],"version-history":[{"count":3,"href":"https:\/\/www.revistastellium.com\/index.php?rest_route=\/wp\/v2\/pages\/2101\/revisions"}],"predecessor-version":[{"id":2120,"href":"https:\/\/www.revistastellium.com\/index.php?rest_route=\/wp\/v2\/pages\/2101\/revisions\/2120"}],"wp:attachment":[{"href":"https:\/\/www.revistastellium.com\/index.php?rest_route=%2Fwp%2Fv2%2Fmedia&parent=2101"}],"curies":[{"name":"wp","href":"https:\/\/api.w.org\/{rel}","templated":true}]}}