{"id":2,"date":"2019-06-21T09:39:07","date_gmt":"2019-06-21T09:39:07","guid":{"rendered":"https:\/\/www.revistastellium.com\/?page_id=2"},"modified":"2023-08-11T14:39:40","modified_gmt":"2023-08-11T14:39:40","slug":"about","status":"publish","type":"page","link":"https:\/\/www.revistastellium.com\/?page_id=2","title":{"rendered":"Presentaci\u00f3n"},"content":{"rendered":"[et_pb_section fb_built=&#8221;1&#8243; admin_label=&#8221;section&#8221; _builder_version=&#8221;4.16&#8243; global_colors_info=&#8221;{}&#8221;][et_pb_row admin_label=&#8221;row&#8221; _builder_version=&#8221;4.16&#8243; background_size=&#8221;initial&#8221; background_position=&#8221;top_left&#8221; background_repeat=&#8221;repeat&#8221; global_colors_info=&#8221;{}&#8221;][et_pb_column type=&#8221;4_4&#8243; _builder_version=&#8221;4.16&#8243; custom_padding=&#8221;|||&#8221; global_colors_info=&#8221;{}&#8221; custom_padding__hover=&#8221;|||&#8221;][et_pb_text _builder_version=&#8221;4.21.2&#8243; _module_preset=&#8221;default&#8221; hover_enabled=&#8221;0&#8243; global_colors_info=&#8221;{}&#8221; sticky_enabled=&#8221;0&#8243; header_font_size_tablet=&#8221;36px&#8221; header_font_size_phone=&#8221;27px&#8221; header_letter_spacing_last_edited=&#8221;on|phone&#8221; header_letter_spacing_phone=&#8221;4px&#8221; text_font_last_edited=&#8221;on|phone&#8221; text_font_size=&#8221;15px&#8221;]<h1>Presentaci\u00f3n<\/h1>[\/et_pb_text][et_pb_text admin_label=&#8221;Text&#8221; _builder_version=&#8221;4.21.2&#8243; background_size=&#8221;initial&#8221; background_position=&#8221;top_left&#8221; background_repeat=&#8221;repeat&#8221; hover_enabled=&#8221;0&#8243; global_colors_info=&#8221;{}&#8221; text_font_last_edited=&#8221;on|phone&#8221; sticky_enabled=&#8221;0&#8243; text_font_size_last_edited=&#8221;on|phone&#8221; text_font_size_phone=&#8221;16px&#8221; text_orientation_last_edited=&#8221;on|desktop&#8221; text_orientation_tablet=&#8221;left&#8221; text_orientation_phone=&#8221;left&#8221;]<div class=\"page\" title=\"Page 3\">\n<div class=\"layoutArea\">\n<div class=\"column\">\n<p>La revista Stellium nace de un deseo compartido por varixs de nosotrxs. Estamos en la b\u00fasqueda de una pr\u00e1ctica astrol\u00f3gica de rigor, que requiera trabajo, conocimiento, esfuerzo y dedicaci\u00f3n, pero tambi\u00e9n que habilite cuestionar, investigar, aprender y generar nuevas formas de hacer astrolog\u00eda. Queremos crear puentes entre distintos m\u00e9todos, distintxs practicantes de astrolog\u00eda y distintas zonas geogr\u00e1ficas. Aportar una nueva voz. So\u00f1amos con construir una comunidad de astr\u00f3logxs hispanohablantes que lejos de discutir por sus diferencias, crezcan a partir de ellas. Generaremos una gran familia para promover una \u201cbuena astrolog\u00eda\u201d, aunque todav\u00eda no tengamos muy claro de qu\u00e9 se trata exactamente. A lo largo de los sucesivos n\u00fameros iremos descubri\u00e9ndolo al compartir nuestras ideas, reflexiones e investigaciones.<\/p>\n<\/div>\n<\/div>\n<\/div>\n<figure class=\"wp-block-video aligncenter\">\n<figcaption><\/figcaption>\n<\/figure>\n<p><!-- \/wp:post-content --><\/p>\n<p><!-- wp:core-embed\/youtube {\"url\":\"https:\/\/youtu.be\/oaxHvUE5-rc\"} --><\/p>\n<figure class=\"wp-block-embed-youtube wp-block-embed\">\n<div class=\"wp-block-embed__wrapper\"><\/div>\n<\/figure>\n<p><!-- \/wp:core-embed\/youtube --><\/p>[\/et_pb_text][et_pb_video src=&#8221;https:\/\/www.revistastellium.com\/wp-content\/uploads\/2020\/06\/Presentacion20de20revista20Stellium.mp4&#8243; _builder_version=&#8221;4.21.0&#8243; _module_preset=&#8221;default&#8221; global_colors_info=&#8221;{}&#8221;][\/et_pb_video][et_pb_video src=&#8221;https:\/\/youtu.be\/oaxHvUE5-rc&#8221; _builder_version=&#8221;4.21.0&#8243; _module_preset=&#8221;default&#8221; global_colors_info=&#8221;{}&#8221;][\/et_pb_video][\/et_pb_column][\/et_pb_row][\/et_pb_section]","protected":false},"excerpt":{"rendered":"<p>Presentaci\u00f3n La revista Stellium nace de un deseo compartido por varixs de nosotrxs. Estamos en la b\u00fasqueda de una pr\u00e1ctica astrol\u00f3gica de rigor, que requiera trabajo, conocimiento, esfuerzo y dedicaci\u00f3n, pero tambi\u00e9n que habilite cuestionar, investigar, aprender y generar nuevas formas de hacer astrolog\u00eda. Queremos crear puentes entre distintos m\u00e9todos, distintxs practicantes de astrolog\u00eda y [&hellip;]<\/p>\n","protected":false},"author":1,"featured_media":0,"parent":0,"menu_order":0,"comment_status":"open","ping_status":"closed","template":"","meta":{"_et_pb_use_builder":"on","_et_pb_old_content":"<div class=\"page\" title=\"Page 3\">\n<div class=\"layoutArea\">\n<div class=\"column\">\n<p>La revista Stellium nace de un deseo compartido por varixs de nosotrxs. Estamos en la b\u00fasqueda de una pr\u00e1ctica astrol\u00f3gica de rigor, que requiera trabajo, conocimiento, esfuerzo y dedicaci\u00f3n, pero tambi\u00e9n que habilite cuestionar, investigar, aprender y generar nuevas formas de hacer astrolog\u00eda. Queremos crear puentes entre distintos m\u00e9todos, distintxs practicantes de astrolog\u00eda y distintas zonas geogr\u00e1ficas. Aportar una nueva voz. So\u00f1amos con construir una comunidad de astr\u00f3logxs hispanohablantes que lejos de discutir por sus diferencias, crezcan a partir de ellas. Generaremos una gran familia para promover una \u201cbuena astrolog\u00eda\u201d, aunque todav\u00eda no tengamos muy claro de qu\u00e9 se trata exactamente. A lo largo de los sucesivos n\u00fameros iremos descubri\u00e9ndolo al compartir nuestras ideas, reflexiones e investigaciones.<\/p>\n<\/div>\n<\/div>\n<\/div>\n\n<!-- wp:video {\"id\":170,\"align\":\"center\"} -->\n<figure class=\"wp-block-video aligncenter\"><video autoplay controls src=\"https:\/\/www.revistastellium.com\/wp-content\/uploads\/2020\/06\/Presentacion20de20revista20Stellium.mp4\"><\/video><figcaption>Presentaci\u00f3n de la revista Stellium<\/figcaption><\/figure>\n<!-- \/wp:video -->\n\n<!-- wp:core-embed\/youtube {\"url\":\"https:\/\/youtu.be\/oaxHvUE5-rc\"} -->\n<figure class=\"wp-block-embed-youtube wp-block-embed\"><div class=\"wp-block-embed__wrapper\">\nhttps:\/\/youtu.be\/oaxHvUE5-rc\n<\/div><\/figure>\n<!-- \/wp:core-embed\/youtube -->","_et_gb_content_width":"","footnotes":""},"class_list":["post-2","page","type-page","status-publish","hentry"],"_links":{"self":[{"href":"https:\/\/www.revistastellium.com\/index.php?rest_route=\/wp\/v2\/pages\/2","targetHints":{"allow":["GET"]}}],"collection":[{"href":"https:\/\/www.revistastellium.com\/index.php?rest_route=\/wp\/v2\/pages"}],"about":[{"href":"https:\/\/www.revistastellium.com\/index.php?rest_route=\/wp\/v2\/types\/page"}],"author":[{"embeddable":true,"href":"https:\/\/www.revistastellium.com\/index.php?rest_route=\/wp\/v2\/users\/1"}],"replies":[{"embeddable":true,"href":"https:\/\/www.revistastellium.com\/index.php?rest_route=%2Fwp%2Fv2%2Fcomments&post=2"}],"version-history":[{"count":11,"href":"https:\/\/www.revistastellium.com\/index.php?rest_route=\/wp\/v2\/pages\/2\/revisions"}],"predecessor-version":[{"id":1246,"href":"https:\/\/www.revistastellium.com\/index.php?rest_route=\/wp\/v2\/pages\/2\/revisions\/1246"}],"wp:attachment":[{"href":"https:\/\/www.revistastellium.com\/index.php?rest_route=%2Fwp%2Fv2%2Fmedia&parent=2"}],"curies":[{"name":"wp","href":"https:\/\/api.w.org\/{rel}","templated":true}]}}