{"id":1818,"date":"2024-05-03T20:46:16","date_gmt":"2024-05-03T20:46:16","guid":{"rendered":"https:\/\/www.revistastellium.com\/?page_id=1818"},"modified":"2025-02-07T16:50:41","modified_gmt":"2025-02-07T16:50:41","slug":"escribe-para-revista-stellium","status":"publish","type":"page","link":"https:\/\/www.revistastellium.com\/?page_id=1818","title":{"rendered":"Escribe para la Revista Stellium"},"content":{"rendered":"<p>[et_pb_section fb_built=&#8221;1&#8243; _builder_version=&#8221;4.24.3&#8243; _module_preset=&#8221;default&#8221; border_color_all=&#8221;#510024&#8243; border_color_bottom=&#8221;#EFC9BA&#8221; global_colors_info=&#8221;{}&#8221;][et_pb_row _builder_version=&#8221;4.24.3&#8243; _module_preset=&#8221;default&#8221; global_colors_info=&#8221;{}&#8221;][et_pb_column type=&#8221;4_4&#8243; _builder_version=&#8221;4.24.3&#8243; _module_preset=&#8221;default&#8221; global_colors_info=&#8221;{}&#8221;][et_pb_text _builder_version=&#8221;4.24.3&#8243; _module_preset=&#8221;2c2987cf-400c-441e-a837-93bf2b28f4c1&#8243; header_font_size=&#8221;37px&#8221; header_letter_spacing=&#8221;1px&#8221; header_font_size_tablet=&#8221;40px&#8221; header_font_size_phone=&#8221;23px&#8221; header_font_size_last_edited=&#8221;on|phone&#8221; global_colors_info=&#8221;{}&#8221;]<\/p>\n<h1>\u00bfQuieres escribir para la Revista Stellium?<\/h1>\n<p>[\/et_pb_text][et_pb_text _builder_version=&#8221;4.27.3&#8243; _module_preset=&#8221;_initial&#8221; header_font_size=&#8221;37px&#8221; header_letter_spacing=&#8221;1px&#8221; header_font_size_tablet=&#8221;40px&#8221; header_font_size_phone=&#8221;23px&#8221; global_colors_info=&#8221;{}&#8221;]<\/p>\n<p>\u00a1Hola, queridx colaboradorx de Stellium!<\/p>\n<p>Est\u00e1s aqu\u00ed porque resuenas con el proyecto de astrolog\u00eda en red, Revista Stellium, y quieres aportar tu mirada.<\/p>\n<p>Varias cosas que necesitas saber:<\/p>\n<ul>\n<li>En principio, <strong>componemos un n\u00famero por solsticio.<\/strong><\/li>\n<\/ul>\n<p>Cada semestre, el equipo editorial hace ejercicio intuitivo de mirar la carta del solsticio y compartir sentires que nos llevan a dar con el nombre de cada n\u00famero. Compartimos esta informaci\u00f3n en cada convocatoria, por si te sirve de inspiraci\u00f3n para tu art\u00edculo.<\/p>\n<ul>\n<li>Nos ayuda que nos avises con antelaci\u00f3n la tem\u00e1tica de tu art\u00edculo, de cara a poder organizar las secciones. Si tu aportaci\u00f3n es distinta a un texto escrito, h\u00e1znoslo saber tambi\u00e9n, de manera que podamos encajarla.<\/li>\n<\/ul>\n<p>Utiliza el bot\u00f3n abajo de este texto para subir tu aportaci\u00f3n y autorizarnos a publicar tu material. Si tu art\u00edculo incluye gr\u00e1ficos, s\u00famalos tambi\u00e9n. No olvides agregar tu foto y biograf\u00eda de aproximadamente 100 palabras escrita en tercera persona para que publiquemos junto con tu art\u00edculo y en la secci\u00f3n de colaboradores del n\u00famero. Puedes incluir en tu biograf\u00eda los datos de contacto que desees publicar para que lxs lectorxs puedan comunicarse contigo.<\/p>\n<p><strong>Fechas limite para ser incluido en la publicaci\u00f3n*:<\/strong><\/p>\n<ul>\n<li>1 de mayo &#8211; <em>solsticio de junio<\/em>.<\/li>\n<li>1 de noviembre &#8211; <em>solsticio de diciembre<\/em>.<\/li>\n<\/ul>\n<p>*<em>Tu art\u00edculo ser\u00e1 considerado para la revista que est\u00e9 abierta al momento de tu aportaci\u00f3n.<\/em><\/p>\n<p>Una vez recibido, <strong>evaluaremos<\/strong> su publicaci\u00f3n. En caso de decidir incorporarlo, te enviaremos un documento de Google compartido con <strong>sugerencias de edici\u00f3n<\/strong>. Este es el \u00fanico paso previo antes de que podamos maquetar la revista. Recibir\u00e1s la edici\u00f3n con control de cambios para que puedas ver claramente nuestras sugerencias y aceptarlas o rechazarlas seg\u00fan corresponda.<\/p>\n<ul>\n<li>En este mismo correo te adjuntamos un art\u00edculo de corte virginiano que, tal vez, pueda serte de ayuda a la hora de crear tu art\u00edculo: <em>gu\u00eda de escritura y errores frecuentes.<\/em><\/li>\n<\/ul>\n<p><a href=\"https:\/\/www.revistastellium.com\/wp-content\/uploads\/2024\/05\/Guia-de-escritura-y-errores-frecuentes-Stellium.pdf\" target=\"_blank\" rel=\"noopener\">DESCARGA EL DOCUMENTO<\/a><\/p>\n<p>Recuerda que puedes enviarnos m\u00e1s de un art\u00edculo, y que nosotras nos encargaremos de escoger el m\u00e1s apropiado para este n\u00famero y dejar el resto para revistas sucesivas. Una cuesti\u00f3n t\u00e9cnica m\u00e1s: la cantidad media de palabras que aconsejamos es de <strong>unas 2500 aproximadamente.<\/strong> En caso de que tu art\u00edculo sea mucho m\u00e1s largo, puede ser que te propongamos dividirlo en dos partes.<\/p>\n<p>\u00a1Y eso es todo!<br \/>Estamos encantadas de tu participaci\u00f3n, tu generosidad y tu mirada, sustancia nutricia para que este proyecto pueda seguir floreciendo.<\/p>\n<p>Un gran abrazo,<br \/>Equipo Stellium<\/p>\n<p>&nbsp;<\/p>\n<p>[\/et_pb_text][et_pb_button button_url=&#8221;https:\/\/docs.google.com\/forms\/d\/e\/1FAIpQLSffOtkNNS5x857CiZCBwBAJ5k9O7bEaI72BCUGFHhY9kqLOSw\/viewform?usp=sf_link&#8221; url_new_window=&#8221;on&#8221; button_text=&#8221;Env\u00eda tu aportaci\u00f3n&#8221; button_alignment=&#8221;center&#8221; _builder_version=&#8221;4.24.3&#8243; _module_preset=&#8221;default&#8221; global_colors_info=&#8221;{}&#8221;][\/et_pb_button][\/et_pb_column][\/et_pb_row][\/et_pb_section][et_pb_section fb_built=&#8221;1&#8243; _builder_version=&#8221;4.24.3&#8243; _module_preset=&#8221;default&#8221; background_enable_color=&#8221;off&#8221; min_height=&#8221;488.6px&#8221; global_colors_info=&#8221;{}&#8221;][et_pb_row _builder_version=&#8221;4.24.3&#8243; _module_preset=&#8221;default&#8221; global_colors_info=&#8221;{}&#8221;][et_pb_column type=&#8221;4_4&#8243; _builder_version=&#8221;4.24.3&#8243; _module_preset=&#8221;default&#8221; global_colors_info=&#8221;{}&#8221;][et_pb_contact_form email=&#8221;stelliumeditores@gmail.com&#8221; title=&#8221;\u00bfTienes alguna pregunta? Escr\u00edbenos&#8221; custom_message=&#8221;%%name%%||et_pb_line_break_holder||%%email%%||et_pb_line_break_holder||%%message%%||et_pb_line_break_holder||&#8221; success_message=&#8221;Te responderemos lo antes posible.&#8221; _builder_version=&#8221;4.24.3&#8243; _module_preset=&#8221;default&#8221; _unique_id=&#8221;4bbc883a-6bf5-416c-a9f5-f8ff4fcf5bd2&#8243; form_field_background_color=&#8221;RGBA(255,255,255,0)&#8221; form_field_text_color=&#8221;#510024&#8243; title_text_align=&#8221;center&#8221; title_text_color=&#8221;#510024&#8243; title_font_size=&#8221;28px&#8221; captcha_text_color=&#8221;#C04848&#8243; border_color_all=&#8221;#510024&#8243; border_width_top=&#8221;3px&#8221; border_color_top=&#8221;#EFC9BA&#8221; border_width_bottom=&#8221;1px&#8221; border_color_bottom=&#8221;#EFC9BA&#8221; global_colors_info=&#8221;{}&#8221;][et_pb_contact_field field_id=&#8221;Name&#8221; field_title=&#8221;Nombre&#8221; _builder_version=&#8221;4.16&#8243; global_colors_info=&#8221;{}&#8221; button_text_size__hover_enabled=&#8221;off&#8221; button_one_text_size__hover_enabled=&#8221;off&#8221; button_two_text_size__hover_enabled=&#8221;off&#8221; button_text_color__hover_enabled=&#8221;off&#8221; button_one_text_color__hover_enabled=&#8221;off&#8221; button_two_text_color__hover_enabled=&#8221;off&#8221; button_border_width__hover_enabled=&#8221;off&#8221; button_one_border_width__hover_enabled=&#8221;off&#8221; button_two_border_width__hover_enabled=&#8221;off&#8221; button_border_color__hover_enabled=&#8221;off&#8221; button_one_border_color__hover_enabled=&#8221;off&#8221; button_two_border_color__hover_enabled=&#8221;off&#8221; button_border_radius__hover_enabled=&#8221;off&#8221; button_one_border_radius__hover_enabled=&#8221;off&#8221; button_two_border_radius__hover_enabled=&#8221;off&#8221; button_letter_spacing__hover_enabled=&#8221;off&#8221; button_one_letter_spacing__hover_enabled=&#8221;off&#8221; button_two_letter_spacing__hover_enabled=&#8221;off&#8221; button_bg_color__hover_enabled=&#8221;off&#8221; button_one_bg_color__hover_enabled=&#8221;off&#8221; button_two_bg_color__hover_enabled=&#8221;off&#8221;][\/et_pb_contact_field][et_pb_contact_field field_id=&#8221;Email&#8221; field_title=&#8221;Direcci\u00f3n de correo electr\u00f3nico&#8221; field_type=&#8221;email&#8221; _builder_version=&#8221;4.24.3&#8243; global_colors_info=&#8221;{}&#8221; button_text_size__hover_enabled=&#8221;off&#8221; button_one_text_size__hover_enabled=&#8221;off&#8221; button_two_text_size__hover_enabled=&#8221;off&#8221; button_text_color__hover_enabled=&#8221;off&#8221; button_one_text_color__hover_enabled=&#8221;off&#8221; button_two_text_color__hover_enabled=&#8221;off&#8221; button_border_width__hover_enabled=&#8221;off&#8221; button_one_border_width__hover_enabled=&#8221;off&#8221; button_two_border_width__hover_enabled=&#8221;off&#8221; button_border_color__hover_enabled=&#8221;off&#8221; button_one_border_color__hover_enabled=&#8221;off&#8221; button_two_border_color__hover_enabled=&#8221;off&#8221; button_border_radius__hover_enabled=&#8221;off&#8221; button_one_border_radius__hover_enabled=&#8221;off&#8221; button_two_border_radius__hover_enabled=&#8221;off&#8221; button_letter_spacing__hover_enabled=&#8221;off&#8221; button_one_letter_spacing__hover_enabled=&#8221;off&#8221; button_two_letter_spacing__hover_enabled=&#8221;off&#8221; button_bg_color__hover_enabled=&#8221;off&#8221; button_one_bg_color__hover_enabled=&#8221;off&#8221; button_two_bg_color__hover_enabled=&#8221;off&#8221;][\/et_pb_contact_field][et_pb_contact_field field_id=&#8221;Message&#8221; field_title=&#8221;Mensaje&#8221; field_type=&#8221;text&#8221; fullwidth_field=&#8221;on&#8221; _builder_version=&#8221;4.16&#8243; global_colors_info=&#8221;{}&#8221; button_text_size__hover_enabled=&#8221;off&#8221; button_one_text_size__hover_enabled=&#8221;off&#8221; button_two_text_size__hover_enabled=&#8221;off&#8221; button_text_color__hover_enabled=&#8221;off&#8221; button_one_text_color__hover_enabled=&#8221;off&#8221; button_two_text_color__hover_enabled=&#8221;off&#8221; button_border_width__hover_enabled=&#8221;off&#8221; button_one_border_width__hover_enabled=&#8221;off&#8221; button_two_border_width__hover_enabled=&#8221;off&#8221; button_border_color__hover_enabled=&#8221;off&#8221; button_one_border_color__hover_enabled=&#8221;off&#8221; button_two_border_color__hover_enabled=&#8221;off&#8221; button_border_radius__hover_enabled=&#8221;off&#8221; button_one_border_radius__hover_enabled=&#8221;off&#8221; button_two_border_radius__hover_enabled=&#8221;off&#8221; button_letter_spacing__hover_enabled=&#8221;off&#8221; button_one_letter_spacing__hover_enabled=&#8221;off&#8221; button_two_letter_spacing__hover_enabled=&#8221;off&#8221; button_bg_color__hover_enabled=&#8221;off&#8221; button_one_bg_color__hover_enabled=&#8221;off&#8221; button_two_bg_color__hover_enabled=&#8221;off&#8221;][\/et_pb_contact_field][\/et_pb_contact_form][\/et_pb_column][\/et_pb_row][\/et_pb_section]<\/p>\n","protected":false},"excerpt":{"rendered":"<p>\u00bfQuieres escribir para la Revista Stellium?\u00a1Hola, queridx colaboradorx de Stellium! Est\u00e1s aqu\u00ed porque resuenas con el proyecto de astrolog\u00eda en red, Revista Stellium, y quieres aportar tu mirada. Varias cosas que necesitas saber: En principio, componemos un n\u00famero por solsticio. Cada semestre, el equipo editorial hace ejercicio intuitivo de mirar la carta del solsticio y [&hellip;]<\/p>\n","protected":false},"author":1,"featured_media":0,"parent":0,"menu_order":0,"comment_status":"closed","ping_status":"closed","template":"","meta":{"_et_pb_use_builder":"on","_et_pb_old_content":"","_et_gb_content_width":"","footnotes":""},"class_list":["post-1818","page","type-page","status-publish","hentry"],"_links":{"self":[{"href":"https:\/\/www.revistastellium.com\/index.php?rest_route=\/wp\/v2\/pages\/1818","targetHints":{"allow":["GET"]}}],"collection":[{"href":"https:\/\/www.revistastellium.com\/index.php?rest_route=\/wp\/v2\/pages"}],"about":[{"href":"https:\/\/www.revistastellium.com\/index.php?rest_route=\/wp\/v2\/types\/page"}],"author":[{"embeddable":true,"href":"https:\/\/www.revistastellium.com\/index.php?rest_route=\/wp\/v2\/users\/1"}],"replies":[{"embeddable":true,"href":"https:\/\/www.revistastellium.com\/index.php?rest_route=%2Fwp%2Fv2%2Fcomments&post=1818"}],"version-history":[{"count":17,"href":"https:\/\/www.revistastellium.com\/index.php?rest_route=\/wp\/v2\/pages\/1818\/revisions"}],"predecessor-version":[{"id":2044,"href":"https:\/\/www.revistastellium.com\/index.php?rest_route=\/wp\/v2\/pages\/1818\/revisions\/2044"}],"wp:attachment":[{"href":"https:\/\/www.revistastellium.com\/index.php?rest_route=%2Fwp%2Fv2%2Fmedia&parent=1818"}],"curies":[{"name":"wp","href":"https:\/\/api.w.org\/{rel}","templated":true}]}}